{"id":320,"date":"2022-11-04T02:20:25","date_gmt":"2022-11-04T02:20:25","guid":{"rendered":"http:\/\/lagranbonanza.com\/?post_type=product&#038;p=320"},"modified":"2022-12-10T02:55:09","modified_gmt":"2022-12-10T02:55:09","slug":"arnica","status":"publish","type":"product","link":"https:\/\/lagranbonanza.com\/?product=arnica","title":{"rendered":"Arnica"},"content":{"rendered":"<section>\n<div id=\"Description\" class=\"section\">\n<div class=\"section-header\">\n<div class=\"section-title\">\n<h2>\u00bfQu\u00e9 es?<\/h2>\n<\/div>\n<\/div>\n<div id=\"section-1\" class=\"section-body\">\n<p>La \u00e1rnica es una hierba que a veces se usa para dar sabor a los alimentos. Puede ser venenoso cuando se consume en grandes cantidades. La gel de \u00e1rnica se puede aplicar a la piel para la osteoarthritis.<\/p>\n<p>Los qu\u00edmicos activos en la \u00e1rnica pueden reducir la hinchaz\u00f3n, disminuir el dolor y actuar como antibi\u00f3ticos. Pero la \u00e1rnica puede ser peligrosa cuando se toma por v\u00eda oral, a menos que se use en diluciones homeop\u00e1ticas. Los productos homeop\u00e1ticos contienen diluciones extremas de los productos qu\u00edmicos activos.<\/p>\n<p>La gente suele utilizar \u00e1rnica para el dolor causado por la osteoarthritis. Tambi\u00e9n se usa para sangrado, hematomas, hinchaz\u00f3n despu\u00e9s de la cirug\u00eda y otras afecciones, pero no existe una buena evidencia cient\u00edfica que respalde estos usos. La \u00e1rnica tambi\u00e9n se usa como ingrediente de sabor en bebidas, dulces, productos horneados y otros alimentos.<\/p>\n<\/div>\n<\/div>\n<\/section>\n<section>\n<div id=\"Effectiveness\" class=\"section\">\n<div class=\"section-header\">\n<div class=\"section-title\">\n<h2>\u00bfQu\u00e9 tan efectivo es?<\/h2>\n<\/div>\n<\/div>\n<div id=\"section-2\" class=\"section-body\">\n<p><i>Natural Medicines Comprehensive Database<\/i>\u00a0(La Base Exhaustiva de Datos de Medicamentos Naturales) clasifica la eficacia, basada en evidencia cient\u00edfica, de acuerdo a la siguiente escala: Eficaz, Probablemente Eficaz, Posiblemente Eficaz, Posiblemente Ineficaz, Probablemente Ineficaz, Ineficaz, e Insuficiente Evidencia para Hacer una Determinaci\u00f3n.<\/p>\n<p>La clasificaci\u00f3n de la eficacia para este producto es la siguiente:<\/p>\n<h3>Posiblemente eficaz para&#8230;<\/h3>\n<ul>\n<li><b>Osteoarthritis<\/b>. La aplicaci\u00f3n de un gel de \u00e1rnica (A. Vogel Arnica Gel, Bioforce AG) dos veces al d\u00eda durante 3 semanas puede reducir el dolor y la rigidez y mejorar la funci\u00f3n en personas con osteoarthritis en la mano o la rodilla. Podr\u00eda funcionar tan bien como el ibuprofeno.<\/li>\n<\/ul>\n<p>Existe inter\u00e9s en usar \u00e1rnica para otros prop\u00f3sitos, pero no hay suficiente informaci\u00f3n confiable para decir si podr\u00eda ser \u00fatil.<\/p>\n<\/div>\n<\/div>\n<\/section>\n","protected":false},"excerpt":{"rendered":"<p>\u00bfQu\u00e9 es? La \u00e1rnica es una hierba que a veces se usa para dar sabor a los alimentos. Puede ser&#8230;<\/p>\n","protected":false},"featured_media":313,"comment_status":"open","ping_status":"closed","template":"","meta":[],"product_brand":[],"product_cat":[15],"product_tag":[],"class_list":{"0":"post-320","1":"product","2":"type-product","3":"status-publish","4":"has-post-thumbnail","6":"product_cat-sin-categorizar","8":"first","9":"instock","10":"shipping-taxable","11":"purchasable","12":"product-type-simple"},"_links":{"self":[{"href":"https:\/\/lagranbonanza.com\/index.php?rest_route=\/wp\/v2\/product\/320","targetHints":{"allow":["GET"]}}],"collection":[{"href":"https:\/\/lagranbonanza.com\/index.php?rest_route=\/wp\/v2\/product"}],"about":[{"href":"https:\/\/lagranbonanza.com\/index.php?rest_route=\/wp\/v2\/types\/product"}],"replies":[{"embeddable":true,"href":"https:\/\/lagranbonanza.com\/index.php?rest_route=%2Fwp%2Fv2%2Fcomments&post=320"}],"wp:featuredmedia":[{"embeddable":true,"href":"https:\/\/lagranbonanza.com\/index.php?rest_route=\/wp\/v2\/media\/313"}],"wp:attachment":[{"href":"https:\/\/lagranbonanza.com\/index.php?rest_route=%2Fwp%2Fv2%2Fmedia&parent=320"}],"wp:term":[{"taxonomy":"product_brand","embeddable":true,"href":"https:\/\/lagranbonanza.com\/index.php?rest_route=%2Fwp%2Fv2%2Fproduct_brand&post=320"},{"taxonomy":"product_cat","embeddable":true,"href":"https:\/\/lagranbonanza.com\/index.php?rest_route=%2Fwp%2Fv2%2Fproduct_cat&post=320"},{"taxonomy":"product_tag","embeddable":true,"href":"https:\/\/lagranbonanza.com\/index.php?rest_route=%2Fwp%2Fv2%2Fproduct_tag&post=320"}],"curies":[{"name":"wp","href":"https:\/\/api.w.org\/{rel}","templated":true}]}}